{"id":1012,"date":"2022-10-29T11:06:39","date_gmt":"2022-10-29T09:06:39","guid":{"rendered":"http:\/\/verosyoga.sidispinnt.ch\/?page_id=1012"},"modified":"2025-12-04T09:21:15","modified_gmt":"2025-12-04T08:21:15","slug":"about","status":"publish","type":"page","link":"https:\/\/kashiyoga-massage.ch\/?page_id=1012","title":{"rendered":"About"},"content":{"rendered":"\n<h2 class=\"wp-block-heading has-text-align-center\">V\u00e9ronique Tshimbalanga<\/h2>\n\n\n\n<div style=\"height:20px\" aria-hidden=\"true\" class=\"wp-block-spacer\"><\/div>\n\n\n\n<div class=\"wp-block-uagb-image aligncenter uagb-block-cf92892a wp-block-uagb-image--layout-default wp-block-uagb-image--effect-grayscale wp-block-uagb-image--align-center\"><figure class=\"wp-block-uagb-image__figure\"><img decoding=\"async\" srcset=\"https:\/\/kashiyoga-massage.ch\/wp-content\/uploads\/2024\/12\/1734616633853-300x300.jpg ,https:\/\/kashiyoga-massage.ch\/wp-content\/uploads\/2024\/12\/1734616633853.jpg 780w, https:\/\/kashiyoga-massage.ch\/wp-content\/uploads\/2024\/12\/1734616633853.jpg 360w\" sizes=\"auto, (max-width: 480px) 150px\" src=\"https:\/\/kashiyoga-massage.ch\/wp-content\/uploads\/2024\/12\/1734616633853-300x300.jpg\" alt=\"\" class=\"uag-image-1687\" width=\"400\" height=\"400\" title=\"\" loading=\"lazy\" role=\"img\"\/><\/figure><\/div>\n\n\n\n<div style=\"height:20px\" aria-hidden=\"true\" class=\"wp-block-spacer\"><\/div>\n\n\n\n<p>Ich war schon fr\u00fch als Kind auf Reisen. Nach meiner ersten Ausbildung als Damenschneiderin reiste ich einen Monat durch Irland.<br>Als ich mit 23 Jahren mit Klettern begann und viele Stunden drau\u00dfen verbrachte, sp\u00fcrte ich wieder, wie das Fernweh nach mir rief.\u00a0<br>2003 und 2005 ging ich dann l\u00e4nger auf Reisen.<br>Endlich konnte ich meinen Traum erf\u00fcllen.<br>Das Abenteuer zu zweit begann in S\u00fcdamerika f\u00fcr 6 Monate und anschlie\u00dfend 5 Monate Kanada.<\/p>\n\n\n\n<p><\/p>\n\n\n\n<p><\/p>\n\n\n\n<p><\/p>\n\n\n\n<p>Es war eine unvergessliche, intensive Odyssee.<\/p>\n\n\n\n<p>Es gab mir damals vieles im Leben zu verstehen, was es wirklich hei\u00dft, mit Natur und Mensch verbunden zu sein. Dieses Erlebnis hat mich tief in meinem Herzen ber\u00fchrt. In Kanada besuchte ich das erste Mal ein Retreat \u201eThe Medicine Way\u201c wurde es genannt.<\/p>\n\n\n\n<p>Es war f\u00fcr mich die Triebkraft f\u00fcr eine tiefe Ver\u00e4nderung in meinem Leben. Dieses Retreat wurde von First Nation und buddhistischen M\u00f6nchen aus Tibet geleitet.<\/p>\n\n\n\n<p>Beide Kulturen vermittelten sehr starke Achtsamkeit in der Gegenwart, in der Einheit zu sein mit Mutter Natur.<\/p>\n\n\n\n<p>Durch Rituale in diesem Pow-Wow, wie es die First Nation in Kanada zelebrierte, lernten wir die Schwitzh\u00fctte zu kultivieren. Es wurde viel meditiert. Diese heilsame Zeit, die wir gemeinsam verbracht haben, war au\u00dfergew\u00f6hnlich. Wir tauchten tief in andere Dimensionen ein, um eine tiefe Reinigung f\u00fcr K\u00f6rper, Geist und Seele zu erreichen. Es war der Beginn eines tiefen Einblicks und Lehren des Lebens.<\/p>\n\n\n\n<p>Dies war also der Funke f\u00fcr mich, das tiefe Interesse an meditieren und letztendlich auch die Weggabelung zu meinem Yoga-Weg. Als ich zur\u00fcckkam, begann ich berufsbegleitend die zweij\u00e4hrige Ausbildung zur Klassische Massage Therapeutin in der HPS Luzern. Sp\u00e4ter vertiefte ich bei Dorian Dehlinger den Yogastil nach B.K.S. Iyengar. 2017 begann ich die Prema Yoga Ausbildung bei Samira Henning.<\/p>\n\n\n\n<p>Es liegt mir am Herzen, regelm\u00e4\u00dfige Weiterbildungen zu besuchen, sei es in der Massage, Yoga oder sonstigen Kursen.<\/p>\n\n\n\n<p>Mich erfreut es sehr, wenn ich strahlende, entspannte Gesichter sehe, in diesem Moment der Ruhe.<\/p>\n\n\n\n<p>\u201cSich die Zeit nehmen, ankommen und entspannen, bis der eigene Seelenbalsam einkehrt\u201d.<\/p>\n\n\n\n<p><strong>Was biete ich an? \ud83e\udd8b<\/strong><\/p>\n\n\n\n<p>Diverse Massage Therapietechnik.<\/p>\n\n\n\n<p>Beim massieren und intuitiven Bewegungen, entlang der Wirbels\u00e4ule, wird der Vagusnerv, das autonome Nervensystem, durch meine Ber\u00fchrung Energie aktiviert. Durch diesen Prozess k\u00f6nnen Blockaden freigesetzt und Verspannungen gel\u00f6st werden. Wenn das Nervensystem im Gleichgewicht ist, kann es reibungslos vom Stress zu Entspannung \u00fcbergehen.<\/p>\n\n\n\n<p>Ich eignete mir neben klassischer Massage und TP diverse Massagetechniken an, wie z.B. Indische R\u00fcckenmassage Pristabhiyanga, Kr\u00e4uterstempelmassage, sowie Schr\u00f6pfen. Nach Wunsch kann eine Chiro Trance Hypnose als Therapie gebucht werden.<\/p>\n\n\n\n<p>Jeder K\u00f6rper ist anders. Wie ein Tempel ein Zuhause tr\u00e4gt der Mensch seine eigene Geschichte mit sich.<\/p>\n\n\n\n<hr class=\"wp-block-separator has-alpha-channel-opacity is-style-wide\"\/>\n\n\n\n<div class=\"guten-element gutenverse-text-editor guten-otCHLt\"><div class=\"text-content-inner\"><\/div><\/div>\n\n\n\n<h2 class=\"wp-block-heading has-text-align-center\">Ausbildungen \/ Weiterbildungen <br>in Yoga, Massage &amp; Reiki<\/h2>\n\n\n\n<div style=\"height:20px\" aria-hidden=\"true\" class=\"wp-block-spacer\"><\/div>\n\n\n\n<div class=\"wp-block-columns is-layout-flex wp-container-core-columns-is-layout-9d6595d7 wp-block-columns-is-layout-flex\">\n<div class=\"wp-block-column is-layout-flow wp-block-column-is-layout-flow\">\n<div class=\"wp-block-uagb-content-timeline uagb-timeline__outer-wrap uagb-block-6067b3c9-cb52-472d-b593-ab7c64bcf796 uagb-timeline__content-wrap uagb-timeline__center-block  uagb-timeline__arrow-center uagb-timeline\">\n<article class=\"wp-block-uagb-content-timeline-child uagb-timeline__field uagb-timeline-child-07dfe0f3 uagb-timeline__right\"><div class=\"uagb-timeline__marker out-view-uagb-timeline__icon\"><svg xmlns=\"https:\/\/www.w3.org\/2000\/svg\" viewBox=\"0 0 512 512\"><path d=\"M256 159.1c-53.02 0-95.1 42.98-95.1 95.1S202.1 351.1 256 351.1s95.1-42.98 95.1-95.1S309 159.1 256 159.1zM509.3 347L446.1 255.1l63.15-91.01c6.332-9.125 1.104-21.74-9.826-23.72l-109-19.7l-19.7-109c-1.975-10.93-14.59-16.16-23.72-9.824L256 65.89L164.1 2.736c-9.125-6.332-21.74-1.107-23.72 9.824L121.6 121.6L12.56 141.3C1.633 143.2-3.596 155.9 2.736 164.1L65.89 256l-63.15 91.01c-6.332 9.125-1.105 21.74 9.824 23.72l109 19.7l19.7 109c1.975 10.93 14.59 16.16 23.72 9.824L256 446.1l91.01 63.15c9.127 6.334 21.75 1.107 23.72-9.822l19.7-109l109-19.7C510.4 368.8 515.6 356.1 509.3 347zM256 383.1c-70.69 0-127.1-57.31-127.1-127.1c0-70.69 57.31-127.1 127.1-127.1s127.1 57.3 127.1 127.1C383.1 326.7 326.7 383.1 256 383.1z\"><\/path><\/svg><\/div><div class=\"uagb-timeline__day-new uagb-timeline__day-right uagb-timeline__events-inner-new\"><div class=\"uagb-timeline__events-inner--content\"><div class=\"uagb-timeline__date-hide uagb-timeline__inner-date-new\">2023<\/div><h5 class=\"uagb-timeline__heading\">Weiterbildung  Indische R\u00fcckenmassage und  Schr\u00f6pfen<\/h5><p class=\"uagb-timeline-desc-content\">by Bodyfit <\/p><div class=\"uagb-timeline__arrow\"><\/div><\/div><\/div><div class=\"uagb-timeline__date-new\">2023<\/div><\/article>\n\n\n\n<article class=\"wp-block-uagb-content-timeline-child uagb-timeline__field uagb-timeline-child-32bf67aa-4be1-48b7-9984-aca33e2dc788 uagb-timeline__left\"><div class=\"uagb-timeline__marker out-view-uagb-timeline__icon\"><svg xmlns=\"https:\/\/www.w3.org\/2000\/svg\" viewBox=\"0 0 512 512\"><path d=\"M256 159.1c-53.02 0-95.1 42.98-95.1 95.1S202.1 351.1 256 351.1s95.1-42.98 95.1-95.1S309 159.1 256 159.1zM509.3 347L446.1 255.1l63.15-91.01c6.332-9.125 1.104-21.74-9.826-23.72l-109-19.7l-19.7-109c-1.975-10.93-14.59-16.16-23.72-9.824L256 65.89L164.1 2.736c-9.125-6.332-21.74-1.107-23.72 9.824L121.6 121.6L12.56 141.3C1.633 143.2-3.596 155.9 2.736 164.1L65.89 256l-63.15 91.01c-6.332 9.125-1.105 21.74 9.824 23.72l109 19.7l19.7 109c1.975 10.93 14.59 16.16 23.72 9.824L256 446.1l91.01 63.15c9.127 6.334 21.75 1.107 23.72-9.822l19.7-109l109-19.7C510.4 368.8 515.6 356.1 509.3 347zM256 383.1c-70.69 0-127.1-57.31-127.1-127.1c0-70.69 57.31-127.1 127.1-127.1s127.1 57.3 127.1 127.1C383.1 326.7 326.7 383.1 256 383.1z\"><\/path><\/svg><\/div><div class=\"uagb-timeline__day-new uagb-timeline__day-left uagb-timeline__events-inner-new\"><div class=\"uagb-timeline__events-inner--content\"><div class=\"uagb-timeline__date-hide uagb-timeline__inner-date-new\">2022<\/div><h5 class=\"uagb-timeline__heading\">Yin Yoga 50h Ausbildung Aware<\/h5><p class=\"uagb-timeline-desc-content\">by Mona Abter<\/p><div class=\"uagb-timeline__arrow\"><\/div><\/div><\/div><div class=\"uagb-timeline__date-new\">2022<\/div><\/article>\n\n\n\n<article class=\"wp-block-uagb-content-timeline-child uagb-timeline__field uagb-timeline-child-8fddec57 uagb-timeline__right\"><div class=\"uagb-timeline__marker out-view-uagb-timeline__icon\"><svg xmlns=\"https:\/\/www.w3.org\/2000\/svg\" viewBox=\"0 0 512 512\"><path d=\"M256 159.1c-53.02 0-95.1 42.98-95.1 95.1S202.1 351.1 256 351.1s95.1-42.98 95.1-95.1S309 159.1 256 159.1zM509.3 347L446.1 255.1l63.15-91.01c6.332-9.125 1.104-21.74-9.826-23.72l-109-19.7l-19.7-109c-1.975-10.93-14.59-16.16-23.72-9.824L256 65.89L164.1 2.736c-9.125-6.332-21.74-1.107-23.72 9.824L121.6 121.6L12.56 141.3C1.633 143.2-3.596 155.9 2.736 164.1L65.89 256l-63.15 91.01c-6.332 9.125-1.105 21.74 9.824 23.72l109 19.7l19.7 109c1.975 10.93 14.59 16.16 23.72 9.824L256 446.1l91.01 63.15c9.127 6.334 21.75 1.107 23.72-9.822l19.7-109l109-19.7C510.4 368.8 515.6 356.1 509.3 347zM256 383.1c-70.69 0-127.1-57.31-127.1-127.1c0-70.69 57.31-127.1 127.1-127.1s127.1 57.3 127.1 127.1C383.1 326.7 326.7 383.1 256 383.1z\"><\/path><\/svg><\/div><div class=\"uagb-timeline__day-new uagb-timeline__day-right uagb-timeline__events-inner-new\"><div class=\"uagb-timeline__events-inner--content\"><div class=\"uagb-timeline__date-hide uagb-timeline__inner-date-new\">2021<\/div><h5 class=\"uagb-timeline__heading\">Weiterbildung Restauratives-Yoga 15h<\/h5><p class=\"uagb-timeline-desc-content\">by Samira Henning<\/p><div class=\"uagb-timeline__arrow\"><\/div><\/div><\/div><div class=\"uagb-timeline__date-new\">2021<\/div><\/article>\n\n\n\n<article class=\"wp-block-uagb-content-timeline-child uagb-timeline__field uagb-timeline-child-fc4056f1-bef7-4e73-9f42-7ff79c6b8561 uagb-timeline__left\"><div class=\"uagb-timeline__marker out-view-uagb-timeline__icon\"><svg xmlns=\"https:\/\/www.w3.org\/2000\/svg\" viewBox=\"0 0 512 512\"><path d=\"M256 159.1c-53.02 0-95.1 42.98-95.1 95.1S202.1 351.1 256 351.1s95.1-42.98 95.1-95.1S309 159.1 256 159.1zM509.3 347L446.1 255.1l63.15-91.01c6.332-9.125 1.104-21.74-9.826-23.72l-109-19.7l-19.7-109c-1.975-10.93-14.59-16.16-23.72-9.824L256 65.89L164.1 2.736c-9.125-6.332-21.74-1.107-23.72 9.824L121.6 121.6L12.56 141.3C1.633 143.2-3.596 155.9 2.736 164.1L65.89 256l-63.15 91.01c-6.332 9.125-1.105 21.74 9.824 23.72l109 19.7l19.7 109c1.975 10.93 14.59 16.16 23.72 9.824L256 446.1l91.01 63.15c9.127 6.334 21.75 1.107 23.72-9.822l19.7-109l109-19.7C510.4 368.8 515.6 356.1 509.3 347zM256 383.1c-70.69 0-127.1-57.31-127.1-127.1c0-70.69 57.31-127.1 127.1-127.1s127.1 57.3 127.1 127.1C383.1 326.7 326.7 383.1 256 383.1z\"><\/path><\/svg><\/div><div class=\"uagb-timeline__day-new uagb-timeline__day-left uagb-timeline__events-inner-new\"><div class=\"uagb-timeline__events-inner--content\"><div class=\"uagb-timeline__date-hide uagb-timeline__inner-date-new\">2019<\/div><h5 class=\"uagb-timeline__heading\">Yoga Teacher Training (Certif. RYS 200h Yoga Alliance) River Yoga<\/h5><p class=\"uagb-timeline-desc-content\">by Sabrina Buccieri<\/p><div class=\"uagb-timeline__arrow\"><\/div><\/div><\/div><div class=\"uagb-timeline__date-new\">2019<\/div><\/article>\n\n\n\n<article class=\"wp-block-uagb-content-timeline-child uagb-timeline__field uagb-timeline-child-2d5053a6-2c3d-48f7-89de-89ce44545a1e uagb-timeline__right\"><div class=\"uagb-timeline__marker out-view-uagb-timeline__icon\"><svg xmlns=\"https:\/\/www.w3.org\/2000\/svg\" viewBox=\"0 0 512 512\"><path d=\"M256 159.1c-53.02 0-95.1 42.98-95.1 95.1S202.1 351.1 256 351.1s95.1-42.98 95.1-95.1S309 159.1 256 159.1zM509.3 347L446.1 255.1l63.15-91.01c6.332-9.125 1.104-21.74-9.826-23.72l-109-19.7l-19.7-109c-1.975-10.93-14.59-16.16-23.72-9.824L256 65.89L164.1 2.736c-9.125-6.332-21.74-1.107-23.72 9.824L121.6 121.6L12.56 141.3C1.633 143.2-3.596 155.9 2.736 164.1L65.89 256l-63.15 91.01c-6.332 9.125-1.105 21.74 9.824 23.72l109 19.7l19.7 109c1.975 10.93 14.59 16.16 23.72 9.824L256 446.1l91.01 63.15c9.127 6.334 21.75 1.107 23.72-9.822l19.7-109l109-19.7C510.4 368.8 515.6 356.1 509.3 347zM256 383.1c-70.69 0-127.1-57.31-127.1-127.1c0-70.69 57.31-127.1 127.1-127.1s127.1 57.3 127.1 127.1C383.1 326.7 326.7 383.1 256 383.1z\"><\/path><\/svg><\/div><div class=\"uagb-timeline__day-new uagb-timeline__day-right uagb-timeline__events-inner-new\"><div class=\"uagb-timeline__events-inner--content\"><div class=\"uagb-timeline__date-hide uagb-timeline__inner-date-new\">2017 &#8211; 2019<\/div><h5 class=\"uagb-timeline__heading\">Yoga Teacher Training als Prema-Yoga Lehrerin 300h<\/h5><p class=\"uagb-timeline-desc-content\">by Samira Henning<\/p><div class=\"uagb-timeline__arrow\"><\/div><\/div><\/div><div class=\"uagb-timeline__date-new\">2017 &#8211; 2019<\/div><\/article>\n\n\n\n<article class=\"wp-block-uagb-content-timeline-child uagb-timeline__field uagb-timeline-child-d62a1d73-2493-49f9-b3ad-8dc7a2011d05 uagb-timeline__left\"><div class=\"uagb-timeline__marker out-view-uagb-timeline__icon\"><svg xmlns=\"https:\/\/www.w3.org\/2000\/svg\" viewBox=\"0 0 512 512\"><path d=\"M256 159.1c-53.02 0-95.1 42.98-95.1 95.1S202.1 351.1 256 351.1s95.1-42.98 95.1-95.1S309 159.1 256 159.1zM509.3 347L446.1 255.1l63.15-91.01c6.332-9.125 1.104-21.74-9.826-23.72l-109-19.7l-19.7-109c-1.975-10.93-14.59-16.16-23.72-9.824L256 65.89L164.1 2.736c-9.125-6.332-21.74-1.107-23.72 9.824L121.6 121.6L12.56 141.3C1.633 143.2-3.596 155.9 2.736 164.1L65.89 256l-63.15 91.01c-6.332 9.125-1.105 21.74 9.824 23.72l109 19.7l19.7 109c1.975 10.93 14.59 16.16 23.72 9.824L256 446.1l91.01 63.15c9.127 6.334 21.75 1.107 23.72-9.822l19.7-109l109-19.7C510.4 368.8 515.6 356.1 509.3 347zM256 383.1c-70.69 0-127.1-57.31-127.1-127.1c0-70.69 57.31-127.1 127.1-127.1s127.1 57.3 127.1 127.1C383.1 326.7 326.7 383.1 256 383.1z\"><\/path><\/svg><\/div><div class=\"uagb-timeline__day-new uagb-timeline__day-left uagb-timeline__events-inner-new\"><div class=\"uagb-timeline__events-inner--content\"><div class=\"uagb-timeline__date-hide uagb-timeline__inner-date-new\">2012<\/div><h5 class=\"uagb-timeline__heading\">Reiki 3. Dan \/ Meistergrad <\/h5><p class=\"uagb-timeline-desc-content\">by Annette Krebs<\/p><div class=\"uagb-timeline__arrow\"><\/div><\/div><\/div><div class=\"uagb-timeline__date-new\">2012<\/div><\/article>\n\n\n\n<article class=\"wp-block-uagb-content-timeline-child uagb-timeline__field uagb-timeline-child-e53e412e-0e0b-47aa-9fec-f3fc2bd8b49f uagb-timeline__right\"><div class=\"uagb-timeline__marker out-view-uagb-timeline__icon\"><svg xmlns=\"https:\/\/www.w3.org\/2000\/svg\" viewBox=\"0 0 512 512\"><path d=\"M256 159.1c-53.02 0-95.1 42.98-95.1 95.1S202.1 351.1 256 351.1s95.1-42.98 95.1-95.1S309 159.1 256 159.1zM509.3 347L446.1 255.1l63.15-91.01c6.332-9.125 1.104-21.74-9.826-23.72l-109-19.7l-19.7-109c-1.975-10.93-14.59-16.16-23.72-9.824L256 65.89L164.1 2.736c-9.125-6.332-21.74-1.107-23.72 9.824L121.6 121.6L12.56 141.3C1.633 143.2-3.596 155.9 2.736 164.1L65.89 256l-63.15 91.01c-6.332 9.125-1.105 21.74 9.824 23.72l109 19.7l19.7 109c1.975 10.93 14.59 16.16 23.72 9.824L256 446.1l91.01 63.15c9.127 6.334 21.75 1.107 23.72-9.822l19.7-109l109-19.7C510.4 368.8 515.6 356.1 509.3 347zM256 383.1c-70.69 0-127.1-57.31-127.1-127.1c0-70.69 57.31-127.1 127.1-127.1s127.1 57.3 127.1 127.1C383.1 326.7 326.7 383.1 256 383.1z\"><\/path><\/svg><\/div><div class=\"uagb-timeline__day-new uagb-timeline__day-right uagb-timeline__events-inner-new\"><div class=\"uagb-timeline__events-inner--content\"><div class=\"uagb-timeline__date-hide uagb-timeline__inner-date-new\">2010<\/div><h5 class=\"uagb-timeline__heading\">Reiki 2. Dan<\/h5><p class=\"uagb-timeline-desc-content\">by Annette Krebs <\/p><div class=\"uagb-timeline__arrow\"><\/div><\/div><\/div><div class=\"uagb-timeline__date-new\">2010<\/div><\/article>\n\n\n\n<article class=\"wp-block-uagb-content-timeline-child uagb-timeline__field uagb-timeline-child-68c62bf5-6883-405e-8d45-3a5b865efc69 uagb-timeline__left\"><div class=\"uagb-timeline__marker out-view-uagb-timeline__icon\"><svg xmlns=\"https:\/\/www.w3.org\/2000\/svg\" viewBox=\"0 0 512 512\"><path d=\"M256 159.1c-53.02 0-95.1 42.98-95.1 95.1S202.1 351.1 256 351.1s95.1-42.98 95.1-95.1S309 159.1 256 159.1zM509.3 347L446.1 255.1l63.15-91.01c6.332-9.125 1.104-21.74-9.826-23.72l-109-19.7l-19.7-109c-1.975-10.93-14.59-16.16-23.72-9.824L256 65.89L164.1 2.736c-9.125-6.332-21.74-1.107-23.72 9.824L121.6 121.6L12.56 141.3C1.633 143.2-3.596 155.9 2.736 164.1L65.89 256l-63.15 91.01c-6.332 9.125-1.105 21.74 9.824 23.72l109 19.7l19.7 109c1.975 10.93 14.59 16.16 23.72 9.824L256 446.1l91.01 63.15c9.127 6.334 21.75 1.107 23.72-9.822l19.7-109l109-19.7C510.4 368.8 515.6 356.1 509.3 347zM256 383.1c-70.69 0-127.1-57.31-127.1-127.1c0-70.69 57.31-127.1 127.1-127.1s127.1 57.3 127.1 127.1C383.1 326.7 326.7 383.1 256 383.1z\"><\/path><\/svg><\/div><div class=\"uagb-timeline__day-new uagb-timeline__day-left uagb-timeline__events-inner-new\"><div class=\"uagb-timeline__events-inner--content\"><div class=\"uagb-timeline__date-hide uagb-timeline__inner-date-new\">2009<\/div><h5 class=\"uagb-timeline__heading\">HPS Luzern \u201eKlassische Massage Therapeutin\u201c &amp; West Med. 150 <\/h5><p class=\"uagb-timeline-desc-content\"><\/p><div class=\"uagb-timeline__arrow\"><\/div><\/div><\/div><div class=\"uagb-timeline__date-new\">2009<\/div><\/article>\n\n\n\n<article class=\"wp-block-uagb-content-timeline-child uagb-timeline__field uagb-timeline-child-dcf070ba-e0e4-4da5-abab-7cae1280b504 uagb-timeline__right\"><div class=\"uagb-timeline__marker out-view-uagb-timeline__icon\"><svg xmlns=\"https:\/\/www.w3.org\/2000\/svg\" viewBox=\"0 0 512 512\"><path d=\"M256 159.1c-53.02 0-95.1 42.98-95.1 95.1S202.1 351.1 256 351.1s95.1-42.98 95.1-95.1S309 159.1 256 159.1zM509.3 347L446.1 255.1l63.15-91.01c6.332-9.125 1.104-21.74-9.826-23.72l-109-19.7l-19.7-109c-1.975-10.93-14.59-16.16-23.72-9.824L256 65.89L164.1 2.736c-9.125-6.332-21.74-1.107-23.72 9.824L121.6 121.6L12.56 141.3C1.633 143.2-3.596 155.9 2.736 164.1L65.89 256l-63.15 91.01c-6.332 9.125-1.105 21.74 9.824 23.72l109 19.7l19.7 109c1.975 10.93 14.59 16.16 23.72 9.824L256 446.1l91.01 63.15c9.127 6.334 21.75 1.107 23.72-9.822l19.7-109l109-19.7C510.4 368.8 515.6 356.1 509.3 347zM256 383.1c-70.69 0-127.1-57.31-127.1-127.1c0-70.69 57.31-127.1 127.1-127.1s127.1 57.3 127.1 127.1C383.1 326.7 326.7 383.1 256 383.1z\"><\/path><\/svg><\/div><div class=\"uagb-timeline__day-new uagb-timeline__day-right uagb-timeline__events-inner-new\"><div class=\"uagb-timeline__events-inner--content\"><div class=\"uagb-timeline__date-hide uagb-timeline__inner-date-new\">2009<\/div><h5 class=\"uagb-timeline__heading\">Kurs f\u00fcr Bodywork (Massage und Bewegung)<\/h5><p class=\"uagb-timeline-desc-content\">by Stormie Lewis \/ consciousprogression \/ from Neuseeland<\/p><div class=\"uagb-timeline__arrow\"><\/div><\/div><\/div><div class=\"uagb-timeline__date-new\">2009<\/div><\/article>\n\n\n\n<article class=\"wp-block-uagb-content-timeline-child uagb-timeline__field uagb-timeline-child-128498ec-a855-4674-a1ae-f4d858067726 uagb-timeline__left\"><div class=\"uagb-timeline__marker out-view-uagb-timeline__icon\"><svg xmlns=\"https:\/\/www.w3.org\/2000\/svg\" viewBox=\"0 0 512 512\"><path d=\"M256 159.1c-53.02 0-95.1 42.98-95.1 95.1S202.1 351.1 256 351.1s95.1-42.98 95.1-95.1S309 159.1 256 159.1zM509.3 347L446.1 255.1l63.15-91.01c6.332-9.125 1.104-21.74-9.826-23.72l-109-19.7l-19.7-109c-1.975-10.93-14.59-16.16-23.72-9.824L256 65.89L164.1 2.736c-9.125-6.332-21.74-1.107-23.72 9.824L121.6 121.6L12.56 141.3C1.633 143.2-3.596 155.9 2.736 164.1L65.89 256l-63.15 91.01c-6.332 9.125-1.105 21.74 9.824 23.72l109 19.7l19.7 109c1.975 10.93 14.59 16.16 23.72 9.824L256 446.1l91.01 63.15c9.127 6.334 21.75 1.107 23.72-9.822l19.7-109l109-19.7C510.4 368.8 515.6 356.1 509.3 347zM256 383.1c-70.69 0-127.1-57.31-127.1-127.1c0-70.69 57.31-127.1 127.1-127.1s127.1 57.3 127.1 127.1C383.1 326.7 326.7 383.1 256 383.1z\"><\/path><\/svg><\/div><div class=\"uagb-timeline__day-new uagb-timeline__day-left uagb-timeline__events-inner-new\"><div class=\"uagb-timeline__events-inner--content\"><div class=\"uagb-timeline__date-hide uagb-timeline__inner-date-new\">2007<\/div><h5 class=\"uagb-timeline__heading\">Reiki 1. Dan<\/h5><p class=\"uagb-timeline-desc-content\">by Annette Krebs<\/p><div class=\"uagb-timeline__arrow\"><\/div><\/div><\/div><div class=\"uagb-timeline__date-new\">2007<\/div><\/article>\n<div class=\"uagb-timeline__line\"><div class=\"uagb-timeline__line__inner\"><\/div><\/div><\/div>\n<\/div>\n<\/div>\n","protected":false},"excerpt":{"rendered":"<p>V\u00e9ronique Tshimbalanga Ich war schon fr\u00fch als Kind auf Reisen. Nach meiner ersten Ausbildung als Damenschneiderin reiste ich einen Monat durch Irland.Als ich mit 23 Jahren mit Klettern begann und viele Stunden drau\u00dfen verbrachte, sp\u00fcrte ich wieder, wie das Fernweh nach mir rief.\u00a02003 und 2005 ging ich dann l\u00e4nger auf Reisen.Endlich konnte ich meinen Traum erf\u00fcllen.Das Abenteuer zu zweit begann in S\u00fcdamerika f\u00fcr 6 Monate und anschlie\u00dfend 5 Monate Kanada. Es war eine unvergessliche, intensive Odyssee. Es gab mir damals vieles im Leben zu verstehen, was es wirklich hei\u00dft, mit Natur und Mensch verbunden zu sein. Dieses Erlebnis hat mich tief in meinem Herzen ber\u00fchrt. In Kanada besuchte ich das erste Mal ein Retreat \u201eThe Medicine Way\u201c wurde es genannt. Es war f\u00fcr mich die Triebkraft f\u00fcr eine tiefe Ver\u00e4nderung in meinem Leben. Dieses Retreat wurde von First Nation und buddhistischen M\u00f6nchen aus Tibet geleitet. Beide Kulturen vermittelten sehr starke Achtsamkeit in der Gegenwart, in der Einheit zu sein mit Mutter Natur. Durch Rituale in diesem Pow-Wow, wie es die First Nation in Kanada zelebrierte, lernten wir die Schwitzh\u00fctte zu kultivieren. Es wurde viel meditiert. Diese heilsame Zeit, die wir gemeinsam verbracht haben, war au\u00dfergew\u00f6hnlich. Wir tauchten tief in andere Dimensionen ein, um eine tiefe Reinigung f\u00fcr K\u00f6rper, Geist und Seele zu erreichen. Es war der Beginn eines tiefen Einblicks und Lehren des Lebens. Dies war also der Funke f\u00fcr mich, das tiefe Interesse an meditieren und letztendlich auch die Weggabelung zu meinem Yoga-Weg. Als ich zur\u00fcckkam, begann ich berufsbegleitend die zweij\u00e4hrige Ausbildung zur Klassische Massage Therapeutin in der HPS Luzern. Sp\u00e4ter vertiefte ich bei Dorian Dehlinger den Yogastil nach B.K.S. Iyengar. 2017 begann ich die Prema Yoga Ausbildung bei Samira Henning. Es liegt mir am Herzen, regelm\u00e4\u00dfige Weiterbildungen zu besuchen, sei es in der Massage, Yoga oder sonstigen Kursen. Mich erfreut es sehr, wenn ich strahlende, entspannte Gesichter sehe, in diesem Moment der Ruhe. \u201cSich die Zeit nehmen, ankommen und entspannen, bis der eigene Seelenbalsam einkehrt\u201d. Was biete ich an? \ud83e\udd8b Diverse Massage Therapietechnik. Beim massieren und intuitiven Bewegungen, entlang der Wirbels\u00e4ule, wird der Vagusnerv, das autonome Nervensystem, durch meine Ber\u00fchrung Energie aktiviert. Durch diesen Prozess k\u00f6nnen Blockaden freigesetzt und Verspannungen gel\u00f6st werden. Wenn das Nervensystem im Gleichgewicht ist, kann es reibungslos vom Stress zu Entspannung \u00fcbergehen. Ich eignete mir neben klassischer Massage und TP diverse Massagetechniken an, wie z.B. Indische R\u00fcckenmassage Pristabhiyanga, Kr\u00e4uterstempelmassage, sowie Schr\u00f6pfen. Nach Wunsch kann eine Chiro Trance Hypnose als Therapie gebucht werden. Jeder K\u00f6rper ist anders. Wie ein Tempel ein Zuhause tr\u00e4gt der Mensch seine eigene Geschichte mit sich. Ausbildungen \/ Weiterbildungen in Yoga, Massage &amp; Reiki<\/p>\n","protected":false},"author":1,"featured_media":0,"parent":0,"menu_order":0,"comment_status":"closed","ping_status":"closed","template":"","meta":{"_uag_custom_page_level_css":"","footnotes":""},"class_list":["post-1012","page","type-page","status-publish","hentry"],"uagb_featured_image_src":{"full":false,"thumbnail":false,"medium":false,"medium_large":false,"large":false,"1536x1536":false,"2048x2048":false,"ashe-slider-grid-thumbnail":false,"ashe-full-thumbnail":false,"ashe-grid-thumbnail":false,"ashe-list-thumbnail":false,"ashe-single-navigation":false,"mailpoet_newsletter_max":false},"uagb_author_info":{"display_name":"admin","author_link":"https:\/\/kashiyoga-massage.ch\/?author=1"},"uagb_comment_info":0,"uagb_excerpt":"V\u00e9ronique Tshimbalanga Ich war schon fr\u00fch als Kind auf Reisen. Nach meiner ersten Ausbildung als Damenschneiderin reiste ich einen Monat durch Irland.Als ich mit 23 Jahren mit Klettern begann und viele Stunden drau\u00dfen verbrachte, sp\u00fcrte ich wieder, wie das Fernweh nach mir rief.\u00a02003 und 2005 ging ich dann l\u00e4nger auf Reisen.Endlich konnte ich meinen Traum&hellip;","acf":[],"_links":{"self":[{"href":"https:\/\/kashiyoga-massage.ch\/index.php?rest_route=\/wp\/v2\/pages\/1012","targetHints":{"allow":["GET"]}}],"collection":[{"href":"https:\/\/kashiyoga-massage.ch\/index.php?rest_route=\/wp\/v2\/pages"}],"about":[{"href":"https:\/\/kashiyoga-massage.ch\/index.php?rest_route=\/wp\/v2\/types\/page"}],"author":[{"embeddable":true,"href":"https:\/\/kashiyoga-massage.ch\/index.php?rest_route=\/wp\/v2\/users\/1"}],"replies":[{"embeddable":true,"href":"https:\/\/kashiyoga-massage.ch\/index.php?rest_route=%2Fwp%2Fv2%2Fcomments&post=1012"}],"version-history":[{"count":63,"href":"https:\/\/kashiyoga-massage.ch\/index.php?rest_route=\/wp\/v2\/pages\/1012\/revisions"}],"predecessor-version":[{"id":1741,"href":"https:\/\/kashiyoga-massage.ch\/index.php?rest_route=\/wp\/v2\/pages\/1012\/revisions\/1741"}],"wp:attachment":[{"href":"https:\/\/kashiyoga-massage.ch\/index.php?rest_route=%2Fwp%2Fv2%2Fmedia&parent=1012"}],"curies":[{"name":"wp","href":"https:\/\/api.w.org\/{rel}","templated":true}]}}