{"id":1726,"date":"2025-07-03T16:47:50","date_gmt":"2025-07-03T14:47:50","guid":{"rendered":"https:\/\/kashiyoga-massage.ch\/?page_id=1726"},"modified":"2025-07-03T20:46:43","modified_gmt":"2025-07-03T18:46:43","slug":"allgemeine-geschaeftsbedingungen-agb","status":"publish","type":"page","link":"https:\/\/kashiyoga-massage.ch\/?page_id=1726","title":{"rendered":"Allgemeine Gesch\u00e4ftsbedingungen (AGB)"},"content":{"rendered":"\n<h2 class=\"wp-block-heading\">Allgemeines<\/h2>\n\n\n\n<p>Diese Allgemeinen Gesch\u00e4ftsbedingungen (AGB) sind Grundlage f\u00fcr jegliche Vertr\u00e4ge bez\u00fcglich Dienstleistungen zwischen V\u00e9ronique Tshimbalanga (nachstehend \u201ckashiyoga-massage\u201d genannt) und dem Kunden. Die AGBs sind auf der Homepage zu finden. Sie m\u00fcssen beim Buchen dies gelesen und best\u00e4tigt haben, damit gelten sie als akzeptiert.<\/p>\n\n\n\n<h2 class=\"wp-block-heading\">Gesundheitszustand<\/h2>\n\n\n\n<p>S\u00e4mtliche Behandlungen durch div. Therapeutische Massage oder Chirotrance Hypnose, erfolgen in Absprache mit dem Kunden, der sich zur wahrheitsgem\u00e4ssen Auskunft \u00fcber seinen Gesundheitszustand und die Folgen der Behandlung gegen\u00fcber der Masseur*in verpflicht<\/p>\n\n\n\n<h2 class=\"wp-block-heading\">Haftungsausschluss<\/h2>\n\n\n\n<p>Sofern trotz fachkundiger Anwendung Folgesch\u00e4den auftreten, die darauf zur\u00fcckzuf\u00fchren sind, dass ein Klient*in Ausschlussgr\u00fcnde verschwiegen hat, ist die Masseur*in von jeder Haftung freigestellt.<\/p>\n\n\n\n<p>Versicherung ist Sache der Klient*in.<\/p>\n\n\n\n<p>Gleiches gilt f\u00fcr Sch\u00e4den, die dadurch entstehen, weil ein Ausschlussgrund dem Kunden selbst nicht bekannt und f\u00fcr die Masseur*in nicht erkennbar war.<\/p>\n\n\n\n<h2 class=\"wp-block-heading\">Behandlung<\/h2>\n\n\n\n<p>Die Behandlung der Masseur*in beruht auf dem jeweiligen Kenntnisstand\/Weiterbildung. Aufgrund unterschiedlicher Lehrmeinungen zu Behandlungsmethoden wird keine Haftung \u00fcbernommen.<\/p>\n\n\n\n<h2 class=\"wp-block-heading\">Massagezeit \/ Versp\u00e4tung<\/h2>\n\n\n\n<p>Die Massagezeit beinhaltet jeweils auch die Zeit zum Umziehen, der Terminvereinbarung und Bezahlung. Die Massagezeit kann bei 60 Minuten eventuell 10 Min. verl\u00e4ngert werden, daf\u00fcr gibt es keinen Aufpreis-Betrag.&nbsp;<\/p>\n\n\n\n<p>Ab 15 Min. dar\u00fcber berechne ich 10.- plus.<\/p>\n\n\n\n<p>Kunden, die mit Versp\u00e4tung zu einem vereinbarten Termin kommen, reduzieren sich die Massagezeit. Kunden werden in ihrem eigenen Interesse um P\u00fcnktlichkeit gebeten.<\/p>\n\n\n\n<h2 class=\"wp-block-heading\">Stornierung durch Kashiyoga-massage<\/h2>\n\n\n\n<p>Kann die Massage aus Gr\u00fcnden seitens der Masseur*in nicht durchgef\u00fchrt werden (z.B. Krankheit\/Unfall), kann die Masseur*in zu keinem Schadenersatz belangt werden. Es besteht kein Anspruch auf die Durchf\u00fchrung.<\/p>\n\n\n\n<h2 class=\"wp-block-heading\">Stornierung durch den Kunden<\/h2>\n\n\n\n<p>Die Kosten f\u00fcr vereinbarte Termine, die vom Kunden nicht wahrgenommen werden, sind vom Kunden 50% zu tragen, sofern die Termine (siehe Buchung Sportsnow) nicht 24 Stunden im Voraus pers\u00f6nlich oder telefonisch abgesagt wurden. Absagen \u00fcber elektronische Medien sind erst verbindlich, sobald diese best\u00e4tigt wurden. Bei versp\u00e4tetem Erscheinen zu einem Termin wird die vereinbarte Behandlungszeit vollumf\u00e4nglich in Rechnung gestellt.<\/p>\n\n\n\n<h2 class=\"wp-block-heading\">Zahlungsbedingungen<\/h2>\n\n\n\n<p>Der auf der Homepage genannte Preis wird in Bar oder Twint nach der Leistungserbringung bezahlt. Bei 3er Abos wird vor Ort einkassiert.<\/p>\n\n\n\n<p>Die Zahlung ist sofort f\u00e4llig.<\/p>\n\n\n\n<h2 class=\"wp-block-heading\">Kosten\u00fcbernahme der Zusatzversicherung<\/h2>\n\n\n\n<p>Abrechnung \u00fcber Krankenkasse ist <strong>nicht<\/strong> m\u00f6glich. Der Kunde muss selbst vorg\u00e4ngig diese Frage stellen, in welchem Rahmen sie die Massage \u00fcbernehmen. Es gibt <strong>keine<\/strong> Garantie f\u00fcr eine Kosten\u00fcbernahme geben.<\/p>\n\n\n\n<p>Ich melde mich bewusst nicht an, da ich die Therapeutische Masseur*in HPS habe und nicht Med. Masseur*in.<\/p>\n\n\n\n<h2 class=\"wp-block-heading\">Kein Heilversprechen<\/h2>\n\n\n\n<p>Ich kann dir bei deinem Heilprozess Unterst\u00fctzung und Input geben. Da ich einen ganzheitlichen Ansatz \u00fcber K\u00f6rper, Geist und Seele verfolge.<\/p>\n\n\n\n<p>Jeglicher Anspruch auf vollst\u00e4ndige Heilung wird hiermit abgelehnt und ist in Eigenverantwortung der Teilnehmer*in.<\/p>\n\n\n\n<p>Es kann aber durchaus sein, deinen eigener starken Willen zu aktivieren, um dein pers\u00f6nliches innerliches Healing zu aktivieren.<\/p>\n\n\n\n<h2 class=\"wp-block-heading\">Datenschutz<\/h2>\n\n\n\n<p>Mitgeteilte Gesundheitsangaben werden mit strengster Vertraulichkeit behandelt. Kundendaten werden vertraulich behandelt und nicht an Dritte weitergegeben.<\/p>\n\n\n\n<p>Deine Daten werden keinesfalls weitergegeben. Alles, was mir anvertraut<\/p>\n\n\n\n<p>wird, steht unter Berufsgeheimnis.<\/p>\n\n\n\n<p>S\u00e4mtliche Behandlungen unterliegen der Schweigepflicht durch die Masseur*in.<\/p>\n\n\n\n<h2 class=\"wp-block-heading\">\u00c4nderung der AGB<\/h2>\n\n\n\n<p>Kashiyoga-massage beh\u00e4lt sich das Recht vor, die AGB jederzeit anzupassen und zu \u00e4ndern. Ma\u00dfgebend ist jeweils die zum Zeitpunkt des Vertragsschlusses geltende Version der AGB.<\/p>\n\n\n\n<p>H\u00fcnibach 26.6.2025<\/p>\n\n\n\n<p><\/p>\n","protected":false},"excerpt":{"rendered":"<p>Allgemeines Diese Allgemeinen Gesch\u00e4ftsbedingungen (AGB) sind Grundlage f\u00fcr jegliche Vertr\u00e4ge bez\u00fcglich Dienstleistungen zwischen V\u00e9ronique Tshimbalanga (nachstehend \u201ckashiyoga-massage\u201d genannt) und dem Kunden. Die AGBs sind auf der Homepage zu finden. Sie m\u00fcssen beim Buchen dies gelesen und best\u00e4tigt haben, damit gelten sie als akzeptiert. Gesundheitszustand S\u00e4mtliche Behandlungen durch div. Therapeutische Massage oder Chirotrance Hypnose, erfolgen in Absprache mit dem Kunden, der sich zur wahrheitsgem\u00e4ssen Auskunft \u00fcber seinen Gesundheitszustand und die Folgen der Behandlung gegen\u00fcber der Masseur*in verpflicht Haftungsausschluss Sofern trotz fachkundiger Anwendung Folgesch\u00e4den auftreten, die darauf zur\u00fcckzuf\u00fchren sind, dass ein Klient*in Ausschlussgr\u00fcnde verschwiegen hat, ist die Masseur*in von jeder Haftung freigestellt. Versicherung ist Sache der Klient*in. Gleiches gilt f\u00fcr Sch\u00e4den, die dadurch entstehen, weil ein Ausschlussgrund dem Kunden selbst nicht bekannt und f\u00fcr die Masseur*in nicht erkennbar war. Behandlung Die Behandlung der Masseur*in beruht auf dem jeweiligen Kenntnisstand\/Weiterbildung. Aufgrund unterschiedlicher Lehrmeinungen zu Behandlungsmethoden wird keine Haftung \u00fcbernommen. Massagezeit \/ Versp\u00e4tung Die Massagezeit beinhaltet jeweils auch die Zeit zum Umziehen, der Terminvereinbarung und Bezahlung. Die Massagezeit kann bei 60 Minuten eventuell 10 Min. verl\u00e4ngert werden, daf\u00fcr gibt es keinen Aufpreis-Betrag.&nbsp; Ab 15 Min. dar\u00fcber berechne ich 10.- plus. Kunden, die mit Versp\u00e4tung zu einem vereinbarten Termin kommen, reduzieren sich die Massagezeit. Kunden werden in ihrem eigenen Interesse um P\u00fcnktlichkeit gebeten. Stornierung durch Kashiyoga-massage Kann die Massage aus Gr\u00fcnden seitens der Masseur*in nicht durchgef\u00fchrt werden (z.B. Krankheit\/Unfall), kann die Masseur*in zu keinem Schadenersatz belangt werden. Es besteht kein Anspruch auf die Durchf\u00fchrung. Stornierung durch den Kunden Die Kosten f\u00fcr vereinbarte Termine, die vom Kunden nicht wahrgenommen werden, sind vom Kunden 50% zu tragen, sofern die Termine (siehe Buchung Sportsnow) nicht 24 Stunden im Voraus pers\u00f6nlich oder telefonisch abgesagt wurden. Absagen \u00fcber elektronische Medien sind erst verbindlich, sobald diese best\u00e4tigt wurden. Bei versp\u00e4tetem Erscheinen zu einem Termin wird die vereinbarte Behandlungszeit vollumf\u00e4nglich in Rechnung gestellt. Zahlungsbedingungen Der auf der Homepage genannte Preis wird in Bar oder Twint nach der Leistungserbringung bezahlt. Bei 3er Abos wird vor Ort einkassiert. Die Zahlung ist sofort f\u00e4llig. Kosten\u00fcbernahme der Zusatzversicherung Abrechnung \u00fcber Krankenkasse ist nicht m\u00f6glich. Der Kunde muss selbst vorg\u00e4ngig diese Frage stellen, in welchem Rahmen sie die Massage \u00fcbernehmen. Es gibt keine Garantie f\u00fcr eine Kosten\u00fcbernahme geben. Ich melde mich bewusst nicht an, da ich die Therapeutische Masseur*in HPS habe und nicht Med. Masseur*in. Kein Heilversprechen Ich kann dir bei deinem Heilprozess Unterst\u00fctzung und Input geben. Da ich einen ganzheitlichen Ansatz \u00fcber K\u00f6rper, Geist und Seele verfolge. Jeglicher Anspruch auf vollst\u00e4ndige Heilung wird hiermit abgelehnt und ist in Eigenverantwortung der Teilnehmer*in. Es kann aber durchaus sein, deinen eigener starken Willen zu aktivieren, um dein pers\u00f6nliches innerliches Healing zu aktivieren. Datenschutz Mitgeteilte Gesundheitsangaben werden mit strengster Vertraulichkeit behandelt. Kundendaten werden vertraulich behandelt und nicht an Dritte weitergegeben. Deine Daten werden keinesfalls weitergegeben. Alles, was mir anvertraut wird, steht unter Berufsgeheimnis. S\u00e4mtliche Behandlungen unterliegen der Schweigepflicht durch die Masseur*in. \u00c4nderung der AGB Kashiyoga-massage beh\u00e4lt sich das Recht vor, die AGB jederzeit anzupassen und zu \u00e4ndern. Ma\u00dfgebend ist jeweils die zum Zeitpunkt des Vertragsschlusses geltende Version der AGB. H\u00fcnibach 26.6.2025<\/p>\n","protected":false},"author":1,"featured_media":0,"parent":0,"menu_order":0,"comment_status":"closed","ping_status":"closed","template":"","meta":{"_uag_custom_page_level_css":"","footnotes":""},"class_list":["post-1726","page","type-page","status-publish","hentry"],"uagb_featured_image_src":{"full":false,"thumbnail":false,"medium":false,"medium_large":false,"large":false,"1536x1536":false,"2048x2048":false,"ashe-slider-grid-thumbnail":false,"ashe-full-thumbnail":false,"ashe-grid-thumbnail":false,"ashe-list-thumbnail":false,"ashe-single-navigation":false,"mailpoet_newsletter_max":false},"uagb_author_info":{"display_name":"admin","author_link":"https:\/\/kashiyoga-massage.ch\/?author=1"},"uagb_comment_info":0,"uagb_excerpt":"Allgemeines Diese Allgemeinen Gesch\u00e4ftsbedingungen (AGB) sind Grundlage f\u00fcr jegliche Vertr\u00e4ge bez\u00fcglich Dienstleistungen zwischen V\u00e9ronique Tshimbalanga (nachstehend \u201ckashiyoga-massage\u201d genannt) und dem Kunden. Die AGBs sind auf der Homepage zu finden. Sie m\u00fcssen beim Buchen dies gelesen und best\u00e4tigt haben, damit gelten sie als akzeptiert. Gesundheitszustand S\u00e4mtliche Behandlungen durch div. Therapeutische Massage oder Chirotrance Hypnose, erfolgen in&hellip;","acf":[],"_links":{"self":[{"href":"https:\/\/kashiyoga-massage.ch\/index.php?rest_route=\/wp\/v2\/pages\/1726","targetHints":{"allow":["GET"]}}],"collection":[{"href":"https:\/\/kashiyoga-massage.ch\/index.php?rest_route=\/wp\/v2\/pages"}],"about":[{"href":"https:\/\/kashiyoga-massage.ch\/index.php?rest_route=\/wp\/v2\/types\/page"}],"author":[{"embeddable":true,"href":"https:\/\/kashiyoga-massage.ch\/index.php?rest_route=\/wp\/v2\/users\/1"}],"replies":[{"embeddable":true,"href":"https:\/\/kashiyoga-massage.ch\/index.php?rest_route=%2Fwp%2Fv2%2Fcomments&post=1726"}],"version-history":[{"count":2,"href":"https:\/\/kashiyoga-massage.ch\/index.php?rest_route=\/wp\/v2\/pages\/1726\/revisions"}],"predecessor-version":[{"id":1731,"href":"https:\/\/kashiyoga-massage.ch\/index.php?rest_route=\/wp\/v2\/pages\/1726\/revisions\/1731"}],"wp:attachment":[{"href":"https:\/\/kashiyoga-massage.ch\/index.php?rest_route=%2Fwp%2Fv2%2Fmedia&parent=1726"}],"curies":[{"name":"wp","href":"https:\/\/api.w.org\/{rel}","templated":true}]}}