{"id":3,"date":"2022-10-28T09:22:11","date_gmt":"2022-10-28T07:22:11","guid":{"rendered":"http:\/\/verosyoga.sidispinnt.ch\/?page_id=3"},"modified":"2025-07-03T16:42:53","modified_gmt":"2025-07-03T14:42:53","slug":"datenschutzerklaerung","status":"publish","type":"page","link":"https:\/\/kashiyoga-massage.ch\/?page_id=3","title":{"rendered":"Datenschutzerkl\u00e4rung"},"content":{"rendered":"\n<h2 class=\"wp-block-heading\">1.Allgemeine Hinweise<\/h2>\n\n\n\n<p>Diese Datenschutzerkl\u00e4rung informiert Sie \u00fcber die Art, den Umfang und den Zweck der Verarbeitung personenbezogener Daten beim Besuch unserer Website und der Nutzung unserer Dienstleistungen<\/p>\n\n\n\n<h2 class=\"wp-block-heading\">2. Verantwortliche Stelle<\/h2>\n\n\n\n<p>Verantwortlich f\u00fcr die Datenverarbeitung ist:<br>V\u00e9ronique Tshimbalanga<br>kashiyoga-massage.ch<br>Staatstrasse 157<br>3626 H\u00fcnibach<br><a href=\"mailto:Info@kashiyoga-massage.ch\">Info@kashiyoga-massage.ch<\/a><\/p>\n\n\n\n<p><\/p>\n\n\n\n<h2 class=\"wp-block-heading\">Wir verarbeiten personenbezogene Daten nur im erforderlichen Umfang. Dies geschieht in folgenden F\u00e4llen:<\/h2>\n\n\n\n<p>Beim Besuch unserer Website (z. B. durch Cookies, Server-Logs)<\/p>\n\n\n\n<p>Bei der Kontaktaufnahme per E-Mail oder Kontaktformular<\/p>\n\n\n\n<p>Beim Buchen diverse Behandlung\/Massage oder Anmeldung zu Kursen.<\/p>\n\n\n\n<p>Die Verarbeitung erfolgt auf Basis von Art. 6 Abs. 1 lit. b DSGVO (Vertragserf\u00fcllung) oder Art. 6 Abs. 1 lit. f DSGVO (berechtigtes Interesse).<\/p>\n\n\n\n<h2 class=\"wp-block-heading\">4. Verwendung von Cookies<\/h2>\n\n\n\n<p>Unsere Website verwendet Cookies, um bestimmte Funktionen bereitzustellen und Nutzererfahrung zu verbessern. Sie k\u00f6nnen die Verwendung von Cookies in den Einstellungen Ihres Browsers verwalten und deaktivieren.<\/p>\n\n\n\n<h2 class=\"wp-block-heading\">5. Weitergabe von Daten<\/h2>\n\n\n\n<p>Personenbezogene Daten werden grunds\u00e4tzlich nicht an Dritte weitergegeben, es sei denn:<\/p>\n\n\n\n<p>Es besteht eine gesetzliche Verpflichtung (Art. 6 Abs. 1 lit. c DSGVO).<\/p>\n\n\n\n<p>Die Weitergabe ist zur Vertragserf\u00fcllung erforderlich (z. B. Zahlungsabwicklung durch Dienstleister).<\/p>\n\n\n\n<h2 class=\"wp-block-heading\">Mit wem wir Ihre Daten teilen<\/h2>\n\n\n\n<p>Wenn Sie eine Zur\u00fccksetzung des Passworts beantragen, wird Ihre IP-Adresse in der E-Mail zur Zur\u00fccksetzung enthalten sein.<\/p>\n\n\n\n<h2 class=\"wp-block-heading\">6. Speicherdauer<\/h2>\n\n\n\n<p>Wir speichern personenbezogene Daten nur so lange, wie es f\u00fcr den jeweiligen Verarbeitungs Zweck erforderlich ist oder gesetzliche Aufbewahrungspflichten bestehen.<\/p>\n\n\n\n<h2 class=\"wp-block-heading\">7. Ihre Rechte<\/h2>\n\n\n\n<p>Sie haben das Recht auf:<\/p>\n\n\n\n<p>Auskunft \u00fcber die gespeicherten Daten (Art. 15 DSGVO)<\/p>\n\n\n\n<p>Berichtigung unrichtiger Daten (Art. 16 DSGVO)<\/p>\n\n\n\n<p>L\u00f6schung Ihrer Daten (Art. 17 DSGVO)<\/p>\n\n\n\n<p>Einschr\u00e4nkung der Verarbeitung (Art. 18 DSGVO)<\/p>\n\n\n\n<p>Daten \u00dcbertragbarkeit (Art. 20 DSGVO)<\/p>\n\n\n\n<p>Widerspruch gegen die Verarbeitung (Art. 21 DSGVO)<\/p>\n\n\n\n<p>Zur Geltendmachung dieser Rechte k\u00f6nnen Sie uns unter den angegebenen Kontaktdaten erreichen.<\/p>\n\n\n\n<h2 class=\"wp-block-heading\">8. Datensicherheit<\/h2>\n\n\n\n<p>Wir setzen technische und organisatorische Ma\u00dfnahmen ein, um Ihre Daten vor unberechtigtem Zugriff, Verlust oder Missbrauch zu sch\u00fctzen<\/p>\n\n\n\n<h2 class=\"wp-block-heading\">9. \u00c4nderungen der Datenschutzerkl\u00e4rung<\/h2>\n\n\n\n<p>Diese Datenschutzerkl\u00e4rung kann aktualisiert werden, um gesetzlichen Anforderungen zu entsprechen oder um unsere Dienstleistungen anzupassen. Die jeweils aktuelle Version ist auf unserer Website abrufbar.<\/p>\n\n\n\n<p>Stand: 27.6.2025<\/p>\n\n\n\n<p><\/p>\n","protected":false},"excerpt":{"rendered":"<p>1.Allgemeine Hinweise Diese Datenschutzerkl\u00e4rung informiert Sie \u00fcber die Art, den Umfang und den Zweck der Verarbeitung personenbezogener Daten beim Besuch unserer Website und der Nutzung unserer Dienstleistungen 2. Verantwortliche Stelle Verantwortlich f\u00fcr die Datenverarbeitung ist:V\u00e9ronique Tshimbalangakashiyoga-massage.chStaatstrasse 1573626 H\u00fcnibachInfo@kashiyoga-massage.ch Wir verarbeiten personenbezogene Daten nur im erforderlichen Umfang. Dies geschieht in folgenden F\u00e4llen: Beim Besuch unserer Website (z. B. durch Cookies, Server-Logs) Bei der Kontaktaufnahme per E-Mail oder Kontaktformular Beim Buchen diverse Behandlung\/Massage oder Anmeldung zu Kursen. Die Verarbeitung erfolgt auf Basis von Art. 6 Abs. 1 lit. b DSGVO (Vertragserf\u00fcllung) oder Art. 6 Abs. 1 lit. f DSGVO (berechtigtes Interesse). 4. Verwendung von Cookies Unsere Website verwendet Cookies, um bestimmte Funktionen bereitzustellen und Nutzererfahrung zu verbessern. Sie k\u00f6nnen die Verwendung von Cookies in den Einstellungen Ihres Browsers verwalten und deaktivieren. 5. Weitergabe von Daten Personenbezogene Daten werden grunds\u00e4tzlich nicht an Dritte weitergegeben, es sei denn: Es besteht eine gesetzliche Verpflichtung (Art. 6 Abs. 1 lit. c DSGVO). Die Weitergabe ist zur Vertragserf\u00fcllung erforderlich (z. B. Zahlungsabwicklung durch Dienstleister). Mit wem wir Ihre Daten teilen Wenn Sie eine Zur\u00fccksetzung des Passworts beantragen, wird Ihre IP-Adresse in der E-Mail zur Zur\u00fccksetzung enthalten sein. 6. Speicherdauer Wir speichern personenbezogene Daten nur so lange, wie es f\u00fcr den jeweiligen Verarbeitungs Zweck erforderlich ist oder gesetzliche Aufbewahrungspflichten bestehen. 7. Ihre Rechte Sie haben das Recht auf: Auskunft \u00fcber die gespeicherten Daten (Art. 15 DSGVO) Berichtigung unrichtiger Daten (Art. 16 DSGVO) L\u00f6schung Ihrer Daten (Art. 17 DSGVO) Einschr\u00e4nkung der Verarbeitung (Art. 18 DSGVO) Daten \u00dcbertragbarkeit (Art. 20 DSGVO) Widerspruch gegen die Verarbeitung (Art. 21 DSGVO) Zur Geltendmachung dieser Rechte k\u00f6nnen Sie uns unter den angegebenen Kontaktdaten erreichen. 8. Datensicherheit Wir setzen technische und organisatorische Ma\u00dfnahmen ein, um Ihre Daten vor unberechtigtem Zugriff, Verlust oder Missbrauch zu sch\u00fctzen 9. \u00c4nderungen der Datenschutzerkl\u00e4rung Diese Datenschutzerkl\u00e4rung kann aktualisiert werden, um gesetzlichen Anforderungen zu entsprechen oder um unsere Dienstleistungen anzupassen. Die jeweils aktuelle Version ist auf unserer Website abrufbar. Stand: 27.6.2025<\/p>\n","protected":false},"author":1,"featured_media":0,"parent":0,"menu_order":0,"comment_status":"closed","ping_status":"open","template":"","meta":{"_uag_custom_page_level_css":"","footnotes":""},"class_list":["post-3","page","type-page","status-publish","hentry"],"uagb_featured_image_src":{"full":false,"thumbnail":false,"medium":false,"medium_large":false,"large":false,"1536x1536":false,"2048x2048":false,"ashe-slider-grid-thumbnail":false,"ashe-full-thumbnail":false,"ashe-grid-thumbnail":false,"ashe-list-thumbnail":false,"ashe-single-navigation":false,"mailpoet_newsletter_max":false},"uagb_author_info":{"display_name":"admin","author_link":"https:\/\/kashiyoga-massage.ch\/?author=1"},"uagb_comment_info":0,"uagb_excerpt":"1.Allgemeine Hinweise Diese Datenschutzerkl\u00e4rung informiert Sie \u00fcber die Art, den Umfang und den Zweck der Verarbeitung personenbezogener Daten beim Besuch unserer Website und der Nutzung unserer Dienstleistungen 2. Verantwortliche Stelle Verantwortlich f\u00fcr die Datenverarbeitung ist:V\u00e9ronique Tshimbalangakashiyoga-massage.chStaatstrasse 1573626 H\u00fcnibachInfo@kashiyoga-massage.ch Wir verarbeiten personenbezogene Daten nur im erforderlichen Umfang. Dies geschieht in folgenden F\u00e4llen: Beim Besuch unserer Website&hellip;","acf":[],"_links":{"self":[{"href":"https:\/\/kashiyoga-massage.ch\/index.php?rest_route=\/wp\/v2\/pages\/3","targetHints":{"allow":["GET"]}}],"collection":[{"href":"https:\/\/kashiyoga-massage.ch\/index.php?rest_route=\/wp\/v2\/pages"}],"about":[{"href":"https:\/\/kashiyoga-massage.ch\/index.php?rest_route=\/wp\/v2\/types\/page"}],"author":[{"embeddable":true,"href":"https:\/\/kashiyoga-massage.ch\/index.php?rest_route=\/wp\/v2\/users\/1"}],"replies":[{"embeddable":true,"href":"https:\/\/kashiyoga-massage.ch\/index.php?rest_route=%2Fwp%2Fv2%2Fcomments&post=3"}],"version-history":[{"count":5,"href":"https:\/\/kashiyoga-massage.ch\/index.php?rest_route=\/wp\/v2\/pages\/3\/revisions"}],"predecessor-version":[{"id":1725,"href":"https:\/\/kashiyoga-massage.ch\/index.php?rest_route=\/wp\/v2\/pages\/3\/revisions\/1725"}],"wp:attachment":[{"href":"https:\/\/kashiyoga-massage.ch\/index.php?rest_route=%2Fwp%2Fv2%2Fmedia&parent=3"}],"curies":[{"name":"wp","href":"https:\/\/api.w.org\/{rel}","templated":true}]}}