{"id":976,"date":"2022-10-28T21:49:03","date_gmt":"2022-10-28T19:49:03","guid":{"rendered":"http:\/\/verosyoga.sidispinnt.ch\/?page_id=976"},"modified":"2024-01-27T22:05:15","modified_gmt":"2024-01-27T21:05:15","slug":"home","status":"publish","type":"page","link":"https:\/\/kashiyoga-massage.ch\/","title":{"rendered":"Home"},"content":{"rendered":"\n<div class=\"wp-block-columns is-layout-flex wp-container-core-columns-is-layout-9d6595d7 wp-block-columns-is-layout-flex\">\n<div class=\"wp-block-column is-layout-flow wp-block-column-is-layout-flow\" style=\"flex-basis:100%\">\n<div class=\"wp-block-columns is-layout-flex wp-container-core-columns-is-layout-9d6595d7 wp-block-columns-is-layout-flex\">\n<div class=\"wp-block-column is-layout-flow wp-block-column-is-layout-flow\" style=\"flex-basis:100%\">\n<h2 class=\"wp-block-heading has-text-align-center\">AROHA<\/h2>\n\n\n\n<div style=\"height:10px\" aria-hidden=\"true\" class=\"wp-block-spacer\"><\/div>\n\n\n\n<div class=\"wp-block-columns alignfull is-layout-flex wp-container-core-columns-is-layout-9d6595d7 wp-block-columns-is-layout-flex\"><\/div>\n\n\n\n<div class=\"wp-block-columns is-layout-flex wp-container-core-columns-is-layout-9d6595d7 wp-block-columns-is-layout-flex\">\n<div class=\"wp-block-column is-layout-flow wp-block-column-is-layout-flow\" style=\"flex-basis:25%\"><\/div>\n\n\n\n<div class=\"wp-block-column is-layout-flow wp-block-column-is-layout-flow\" style=\"flex-basis:50%\">\n<div class=\"wp-block-uagb-image uagb-block-f96ded31 wp-block-uagb-image--layout-default wp-block-uagb-image--effect-static wp-block-uagb-image--align-none\"><figure class=\"wp-block-uagb-image__figure\"><img decoding=\"async\" srcset=\"https:\/\/kashiyoga-massage.ch\/wp-content\/uploads\/2023\/09\/TItelbild-Schrift-1024x304.png \" sizes=\"auto, (max-width: 480px) 150px\" src=\"https:\/\/kashiyoga-massage.ch\/wp-content\/uploads\/2023\/09\/TItelbild-Schrift-1024x304.png\" alt=\"\" class=\"uag-image-1522\" width=\"1024\" height=\"304\" title=\"\" loading=\"lazy\"\/><\/figure><\/div>\n<\/div>\n\n\n\n<div class=\"wp-block-column is-layout-flow wp-block-column-is-layout-flow\" style=\"flex-basis:25%\"><\/div>\n<\/div>\n\n\n\n<hr class=\"wp-block-separator has-alpha-channel-opacity is-style-wide\"\/>\n\n\n\n<p>Das Wort Yoga kommt aus dem Sanskrit und bedeutet weitl\u00e4ufig \u00fcbersetzt \u201eIn Einheit sein, in Harmonie sein, in Verbindung sein von K\u00f6rper, Geist und Seele&#8230;also anjochen.<\/p>\n\n\n\n<p>Die altindische vedische Kultur besagt, dass wir nicht nur aus einem physischen K\u00f6rper (sthula sharira) bestehen, sondern drei K\u00f6rper (shariras) in sich vereinen.<\/p>\n\n\n\n<p>N\u00e4mlich Sthula Sharira, Sukshma Sharira und Karana Sharira. Diese umringen die f\u00fcnf H\u00fcllen (Koshas) ein. Innewohnend in diesen f\u00fcnf H\u00fcllen verbirgt sich unser innerster Kern das spirituelle Selbst. Die Upanishaden bezeichnen die Schichten, als Annamaya Kosha, Pranamaya Kosha, Manomaya Kosha, Vijnanamaya Kosha und Anandamaya Kosha.<\/p>\n\n\n\n<p>Diese sind miteinander verwoben.<\/p>\n\n\n\n<p>Mit welcher der f\u00fcnf H\u00fcllen wir uns st\u00e4ndig identifizieren, hat ein bedeutender Einfluss.<\/p>\n\n\n\n<p>Wenn wir Yoga \u00fcben, besteht die M\u00f6glichkeit alle H\u00fcllen feinstofflicher zu vereinen und wir verharren uns nicht nur in einer Schicht. Sondern kommen mehr und mehr in unser tiefes Inneren n\u00e4her.<\/p>\n<\/div>\n<\/div>\n<\/div>\n<\/div>\n\n\n\n<hr class=\"wp-block-separator has-alpha-channel-opacity is-style-wide\"\/>\n\n\n\n<p><\/p>\n\n\n\n<div class=\"wp-block-columns is-layout-flex wp-container-core-columns-is-layout-9d6595d7 wp-block-columns-is-layout-flex\">\n<div class=\"wp-block-column is-layout-flow wp-block-column-is-layout-flow\">\n<div class=\"wp-block-uagb-image aligncenter uagb-block-7970e551 wp-block-uagb-image--layout-default wp-block-uagb-image--effect-grayscale wp-block-uagb-image--align-center\"><figure class=\"wp-block-uagb-image__figure\"><img decoding=\"async\" srcset=\"https:\/\/kashiyoga-massage.ch\/wp-content\/uploads\/2022\/11\/IMG_20221116_210004-300x300.jpg ,https:\/\/kashiyoga-massage.ch\/wp-content\/uploads\/2022\/11\/IMG_20221116_210004.jpg 780w, https:\/\/kashiyoga-massage.ch\/wp-content\/uploads\/2022\/11\/IMG_20221116_210004.jpg 360w\" sizes=\"auto, (max-width: 480px) 150px\" src=\"https:\/\/kashiyoga-massage.ch\/wp-content\/uploads\/2022\/11\/IMG_20221116_210004-300x300.jpg\" alt=\"\" class=\"uag-image-1378\" width=\"300\" height=\"300\" title=\"\" loading=\"lazy\"\/><\/figure><\/div>\n\n\n\n<h1 class=\"wp-block-heading has-text-align-center\">YOGA<\/h1>\n\n\n<div class=\"wp-block-image\">\n<figure class=\"aligncenter size-full is-resized\"><img loading=\"lazy\" decoding=\"async\" width=\"216\" height=\"266\" src=\"https:\/\/kashiyoga-massage.ch\/wp-content\/uploads\/2022\/10\/Botton_Symbol.png\" alt=\"\" class=\"wp-image-927\" style=\"width:54px;height:67px\"\/><\/figure>\n<\/div>\n\n\n<p class=\"has-text-align-center\">Mit achtsamen \u00dcbungen, Freude an der Bewegung und Vertrauen in deinem K\u00f6rper, bringe ich dich in dein inneres Herzzentrum&#8230;<\/p>\n\n\n\n<div class=\"wp-block-uagb-buttons uagb-buttons__outer-wrap uagb-btn__small-btn uagb-btn-tablet__default-btn uagb-btn-mobile__default-btn uagb-block-24d4c161\"><div class=\"uagb-buttons__wrap uagb-buttons-layout-wrap\">\n<div class=\"wp-block-uagb-buttons-child uagb-buttons__outer-wrap uagb-block-9ce4ac5c wp-block-button\"><div class=\"uagb-button__wrapper\"><a class=\"uagb-buttons-repeater wp-block-button__link\" href=\"https:\/\/kashiyoga-massage.ch\/?page_id=1008\" onclick=\"return true;\" rel=\"follow noopener\" target=\"_self\"><div class=\"uagb-button__link\">MEHR ANZEIGEN<\/div><\/a><\/div><\/div>\n<\/div><\/div>\n\n\n\n<div style=\"height:20px\" aria-hidden=\"true\" class=\"wp-block-spacer\"><\/div>\n<\/div>\n\n\n\n<div class=\"wp-block-column is-layout-flow wp-block-column-is-layout-flow\">\n<div class=\"wp-block-uagb-image aligncenter uagb-block-022d7d23 wp-block-uagb-image--layout-default wp-block-uagb-image--effect-grayscale wp-block-uagb-image--align-center\"><figure class=\"wp-block-uagb-image__figure\"><img decoding=\"async\" srcset=\"https:\/\/kashiyoga-massage.ch\/wp-content\/uploads\/2022\/10\/signal-2022-10-30-08-18-45-914-e1667120970865-300x300.jpg ,https:\/\/kashiyoga-massage.ch\/wp-content\/uploads\/2022\/10\/signal-2022-10-30-08-18-45-914-e1667120970865.jpg 780w, https:\/\/kashiyoga-massage.ch\/wp-content\/uploads\/2022\/10\/signal-2022-10-30-08-18-45-914-e1667120970865.jpg 360w\" sizes=\"auto, (max-width: 480px) 150px\" src=\"https:\/\/kashiyoga-massage.ch\/wp-content\/uploads\/2022\/10\/signal-2022-10-30-08-18-45-914-e1667120970865-300x300.jpg\" alt=\"\" class=\"uag-image-1100\" width=\"300\" height=\"300\" title=\"\" loading=\"lazy\"\/><\/figure><\/div>\n\n\n\n<h1 class=\"wp-block-heading has-text-align-center\">MASSAGE<\/h1>\n\n\n<div class=\"wp-block-image\">\n<figure class=\"aligncenter size-full is-resized\"><img loading=\"lazy\" decoding=\"async\" width=\"216\" height=\"266\" src=\"https:\/\/kashiyoga-massage.ch\/wp-content\/uploads\/2022\/10\/Botton_Symbol.png\" alt=\"\" class=\"wp-image-927\" style=\"width:54px;height:67px\"\/><\/figure>\n<\/div>\n\n\n<p class=\"has-text-align-center\">Das Prinzip dieser Arbeit ist eine Heilkunst, die bis mehrere tausende von Jahren zur\u00fcck geht&#8230;<br>   <\/p>\n\n\n\n<p><\/p>\n\n\n\n<div class=\"wp-block-uagb-buttons uagb-buttons__outer-wrap uagb-btn__small-btn uagb-btn-tablet__default-btn uagb-btn-mobile__default-btn uagb-block-068d80a6\"><div class=\"uagb-buttons__wrap uagb-buttons-layout-wrap\">\n<div class=\"wp-block-uagb-buttons-child uagb-buttons__outer-wrap uagb-block-d31b73af wp-block-button\"><div class=\"uagb-button__wrapper\"><a class=\"uagb-buttons-repeater wp-block-button__link\" href=\"https:\/\/kashiyoga-massage.ch\/?page_id=1010\" onclick=\"return true;\" rel=\"follow noopener\" target=\"_self\"><div class=\"uagb-button__link\">MEHR ANZEIGEN<\/div><\/a><\/div><\/div>\n<\/div><\/div>\n\n\n\n<div style=\"height:20px\" aria-hidden=\"true\" class=\"wp-block-spacer\"><\/div>\n<\/div>\n<\/div>\n","protected":false},"excerpt":{"rendered":"<p>AROHA Das Wort Yoga kommt aus dem Sanskrit und bedeutet weitl\u00e4ufig \u00fcbersetzt \u201eIn Einheit sein, in Harmonie sein, in Verbindung sein von K\u00f6rper, Geist und Seele&#8230;also anjochen. Die altindische vedische Kultur besagt, dass wir nicht nur aus einem physischen K\u00f6rper (sthula sharira) bestehen, sondern drei K\u00f6rper (shariras) in sich vereinen. N\u00e4mlich Sthula Sharira, Sukshma Sharira und Karana Sharira. Diese umringen die f\u00fcnf H\u00fcllen (Koshas) ein. Innewohnend in diesen f\u00fcnf H\u00fcllen verbirgt sich unser innerster Kern das spirituelle Selbst. Die Upanishaden bezeichnen die Schichten, als Annamaya Kosha, Pranamaya Kosha, Manomaya Kosha, Vijnanamaya Kosha und Anandamaya Kosha. Diese sind miteinander verwoben. Mit welcher der f\u00fcnf H\u00fcllen wir uns st\u00e4ndig identifizieren, hat ein bedeutender Einfluss. Wenn wir Yoga \u00fcben, besteht die M\u00f6glichkeit alle H\u00fcllen feinstofflicher zu vereinen und wir verharren uns nicht nur in einer Schicht. Sondern kommen mehr und mehr in unser tiefes Inneren n\u00e4her. YOGA Mit achtsamen \u00dcbungen, Freude an der Bewegung und Vertrauen in deinem K\u00f6rper, bringe ich dich in dein inneres Herzzentrum&#8230; MASSAGE Das Prinzip dieser Arbeit ist eine Heilkunst, die bis mehrere tausende von Jahren zur\u00fcck geht&#8230;<\/p>\n","protected":false},"author":1,"featured_media":0,"parent":0,"menu_order":0,"comment_status":"closed","ping_status":"closed","template":"","meta":{"_uag_custom_page_level_css":"","footnotes":""},"class_list":["post-976","page","type-page","status-publish","hentry"],"uagb_featured_image_src":{"full":false,"thumbnail":false,"medium":false,"medium_large":false,"large":false,"1536x1536":false,"2048x2048":false,"ashe-slider-grid-thumbnail":false,"ashe-full-thumbnail":false,"ashe-grid-thumbnail":false,"ashe-list-thumbnail":false,"ashe-single-navigation":false,"mailpoet_newsletter_max":false},"uagb_author_info":{"display_name":"admin","author_link":"https:\/\/kashiyoga-massage.ch\/?author=1"},"uagb_comment_info":0,"uagb_excerpt":"AROHA Das Wort Yoga kommt aus dem Sanskrit und bedeutet weitl\u00e4ufig \u00fcbersetzt \u201eIn Einheit sein, in Harmonie sein, in Verbindung sein von K\u00f6rper, Geist und Seele&#8230;also anjochen. Die altindische vedische Kultur besagt, dass wir nicht nur aus einem physischen K\u00f6rper (sthula sharira) bestehen, sondern drei K\u00f6rper (shariras) in sich vereinen. N\u00e4mlich Sthula Sharira, Sukshma Sharira&hellip;","acf":[],"_links":{"self":[{"href":"https:\/\/kashiyoga-massage.ch\/index.php?rest_route=\/wp\/v2\/pages\/976","targetHints":{"allow":["GET"]}}],"collection":[{"href":"https:\/\/kashiyoga-massage.ch\/index.php?rest_route=\/wp\/v2\/pages"}],"about":[{"href":"https:\/\/kashiyoga-massage.ch\/index.php?rest_route=\/wp\/v2\/types\/page"}],"author":[{"embeddable":true,"href":"https:\/\/kashiyoga-massage.ch\/index.php?rest_route=\/wp\/v2\/users\/1"}],"replies":[{"embeddable":true,"href":"https:\/\/kashiyoga-massage.ch\/index.php?rest_route=%2Fwp%2Fv2%2Fcomments&post=976"}],"version-history":[{"count":138,"href":"https:\/\/kashiyoga-massage.ch\/index.php?rest_route=\/wp\/v2\/pages\/976\/revisions"}],"predecessor-version":[{"id":1677,"href":"https:\/\/kashiyoga-massage.ch\/index.php?rest_route=\/wp\/v2\/pages\/976\/revisions\/1677"}],"wp:attachment":[{"href":"https:\/\/kashiyoga-massage.ch\/index.php?rest_route=%2Fwp%2Fv2%2Fmedia&parent=976"}],"curies":[{"name":"wp","href":"https:\/\/api.w.org\/{rel}","templated":true}]}}